{"id":1464,"date":"2026-03-26T10:11:05","date_gmt":"2026-03-26T09:11:05","guid":{"rendered":"https:\/\/www.dsb-foundation.com\/?page_id=1464"},"modified":"2026-05-08T12:01:06","modified_gmt":"2026-05-08T10:01:06","slug":"fellowship-vitreo-retinalchirurgie","status":"publish","type":"page","link":"https:\/\/www.dsb-foundation.com\/en\/fellowship-vitreo-retinalchirurgie\/","title":{"rendered":"Fellowship Vitreo-\/ Retinalchirurgie"},"content":{"rendered":"<div data-elementor-type=\"wp-page\" data-elementor-id=\"1464\" class=\"elementor elementor-1464\">\n\t\t\t\t\t\t<section class=\"elementor-section elementor-top-section elementor-element elementor-element-6332194 elementor-section-boxed elementor-section-height-default elementor-section-height-default\" data-id=\"6332194\" data-element_type=\"section\" data-e-type=\"section\" data-settings=\"{&quot;background_background&quot;:&quot;classic&quot;,&quot;shape_divider_bottom&quot;:&quot;opacity-tilt&quot;}\">\n\t\t\t\t\t<div class=\"elementor-shape elementor-shape-bottom\" aria-hidden=\"true\" data-negative=\"false\">\n\t\t\t<svg xmlns=\"http:\/\/www.w3.org\/2000\/svg\" viewbox=\"0 0 2600 131.1\" preserveaspectratio=\"none\">\n\t<path class=\"elementor-shape-fill\" d=\"M0 0L2600 0 2600 69.1 0 0z\"\/>\n\t<path class=\"elementor-shape-fill\" style=\"opacity:0.5\" d=\"M0 0L2600 0 2600 69.1 0 69.1z\"\/>\n\t<path class=\"elementor-shape-fill\" style=\"opacity:0.25\" d=\"M2600 0L0 0 0 130.1 2600 69.1z\"\/>\n<\/svg>\t\t<\/div>\n\t\t\t\t\t<div class=\"elementor-container elementor-column-gap-no\">\n\t\t\t\t\t<div class=\"elementor-column elementor-col-100 elementor-top-column elementor-element elementor-element-3090206\" data-id=\"3090206\" data-element_type=\"column\" data-e-type=\"column\">\n\t\t\t<div class=\"elementor-widget-wrap\">\n\t\t\t\t\t\t\t<\/div>\n\t\t<\/div>\n\t\t\t\t\t<\/div>\n\t\t<\/section>\n\t\t\t\t<section class=\"elementor-section elementor-top-section elementor-element elementor-element-d9fea70 elementor-section-boxed elementor-section-height-default elementor-section-height-default\" data-id=\"d9fea70\" data-element_type=\"section\" data-e-type=\"section\">\n\t\t\t\t\t\t<div class=\"elementor-container elementor-column-gap-no\">\n\t\t\t\t\t<div class=\"elementor-column elementor-col-50 elementor-top-column elementor-element elementor-element-274a483\" data-id=\"274a483\" data-element_type=\"column\" data-e-type=\"column\">\n\t\t\t<div class=\"elementor-widget-wrap elementor-element-populated\">\n\t\t\t\t\t\t<div class=\"elementor-element elementor-element-40e27fc elementor-widget elementor-widget-heading\" data-id=\"40e27fc\" data-element_type=\"widget\" data-e-type=\"widget\" data-widget_type=\"heading.default\">\n\t\t\t\t<div class=\"elementor-widget-container\">\n\t\t\t\t\t<h1 class=\"elementor-heading-title elementor-size-default\">Fellowship - Vitreo-\/ Retinalchirurgie<\/h1>\t\t\t\t<\/div>\n\t\t\t\t<\/div>\n\t\t\t\t<div class=\"elementor-element elementor-element-798a1d8 elementor-widget elementor-widget-text-editor\" data-id=\"798a1d8\" data-element_type=\"widget\" data-e-type=\"widget\" data-widget_type=\"text-editor.default\">\n\t\t\t\t<div class=\"elementor-widget-container\">\n\t\t\t\t\t\t\t\t\t<p>Raheel Kanji ist geb\u00fcrtig aus Tansania, hat aber aufgrund von Ausbildungsbeschr\u00e4nkungen am KCMC seine Facharztausbildung als Stipendiat der DSB-Stiftung im Jahr 2021 erfolgreich an der MBARARA UNIVERSITY OF SCIENCE AND TECHNOLOGY in Mbarara in Uganda beendet. Er ist seit Ende des Studiums in Mwanza am Viktoriasee in einer Au\u00dfenstelle des KCMC t\u00e4tig. Das soll es dort zuk\u00fcnftig auch eine M\u00f6glichkeit geben, Eingriffe auf dem Gebiet der Netzhaut\/Glask\u00f6rperchirurgie durchzuf\u00fchren. Dr. Kanji ist unser erster Stipendiat im Rahmen eines Fellowship, welches finanziert wird durch die DSB-Stiftung und die Deutsche Retinologische Gesellschaft. Das Fellowship umfasst die Subspezialisierung auf dem gebiet der Vitreo-\/Retinalchirurgie und wird am KCMC f\u00fcr 12 Monate durchgef\u00fchrt und damit im Sommer 2026 beendet sein. Im Anschluss erfolgt der Einsatz in Mwanza mit einem weiteren Kollegen.<\/p>\t\t\t\t\t\t\t\t<\/div>\n\t\t\t\t<\/div>\n\t\t\t\t<div class=\"elementor-element elementor-element-27de6a9 elementor-widget elementor-widget-image\" data-id=\"27de6a9\" data-element_type=\"widget\" data-e-type=\"widget\" data-widget_type=\"image.default\">\n\t\t\t\t<div class=\"elementor-widget-container\">\n\t\t\t\t\t\t\t\t\t\t\t\t\t\t\t<img fetchpriority=\"high\" decoding=\"async\" width=\"1200\" height=\"893\" src=\"https:\/\/www.dsb-foundation.com\/wp-content\/uploads\/2026\/05\/80f0ce56-b6a8-4376-b59e-eb3f726baa92x.jpg\" class=\"attachment-full size-full wp-image-1561\" alt=\"\" srcset=\"https:\/\/www.dsb-foundation.com\/wp-content\/uploads\/2026\/05\/80f0ce56-b6a8-4376-b59e-eb3f726baa92x.jpg 1200w, https:\/\/www.dsb-foundation.com\/wp-content\/uploads\/2026\/05\/80f0ce56-b6a8-4376-b59e-eb3f726baa92x-300x223.jpg 300w, https:\/\/www.dsb-foundation.com\/wp-content\/uploads\/2026\/05\/80f0ce56-b6a8-4376-b59e-eb3f726baa92x-1024x762.jpg 1024w, https:\/\/www.dsb-foundation.com\/wp-content\/uploads\/2026\/05\/80f0ce56-b6a8-4376-b59e-eb3f726baa92x-768x572.jpg 768w, https:\/\/www.dsb-foundation.com\/wp-content\/uploads\/2026\/05\/80f0ce56-b6a8-4376-b59e-eb3f726baa92x-16x12.jpg 16w, https:\/\/www.dsb-foundation.com\/wp-content\/uploads\/2026\/05\/80f0ce56-b6a8-4376-b59e-eb3f726baa92x-1000x744.jpg 1000w, https:\/\/www.dsb-foundation.com\/wp-content\/uploads\/2026\/05\/80f0ce56-b6a8-4376-b59e-eb3f726baa92x-230x171.jpg 230w, https:\/\/www.dsb-foundation.com\/wp-content\/uploads\/2026\/05\/80f0ce56-b6a8-4376-b59e-eb3f726baa92x-350x260.jpg 350w, https:\/\/www.dsb-foundation.com\/wp-content\/uploads\/2026\/05\/80f0ce56-b6a8-4376-b59e-eb3f726baa92x-480x357.jpg 480w\" sizes=\"(max-width: 1200px) 100vw, 1200px\" \/>\t\t\t\t\t\t\t\t\t\t\t\t\t\t\t<\/div>\n\t\t\t\t<\/div>\n\t\t\t\t<div class=\"elementor-element elementor-element-3e303e3 elementor-widget elementor-widget-text-editor\" data-id=\"3e303e3\" data-element_type=\"widget\" data-e-type=\"widget\" data-widget_type=\"text-editor.default\">\n\t\t\t\t<div class=\"elementor-widget-container\">\n\t\t\t\t\t\t\t\t\t<p>Dr. Silvia Bopp und Dr. Raheel Kanji<\/p>\t\t\t\t\t\t\t\t<\/div>\n\t\t\t\t<\/div>\n\t\t\t\t\t<\/div>\n\t\t<\/div>\n\t\t\t\t<div class=\"elementor-column elementor-col-50 elementor-top-column elementor-element elementor-element-c6d2ee9\" data-id=\"c6d2ee9\" data-element_type=\"column\" data-e-type=\"column\">\n\t\t\t<div class=\"elementor-widget-wrap elementor-element-populated\">\n\t\t\t\t\t\t<div class=\"elementor-element elementor-element-9916194 elementor-widget elementor-widget-image\" data-id=\"9916194\" data-element_type=\"widget\" data-e-type=\"widget\" data-widget_type=\"image.default\">\n\t\t\t\t<div class=\"elementor-widget-container\">\n\t\t\t\t\t\t\t\t\t\t\t\t\t\t\t<img decoding=\"async\" width=\"1116\" height=\"632\" src=\"https:\/\/www.dsb-foundation.com\/wp-content\/uploads\/2026\/03\/dsb-foundation-fellowship-vr-Dr-Raheel-Kanji.jpg\" class=\"attachment-full size-full wp-image-1466\" alt=\"\" srcset=\"https:\/\/www.dsb-foundation.com\/wp-content\/uploads\/2026\/03\/dsb-foundation-fellowship-vr-Dr-Raheel-Kanji.jpg 1116w, https:\/\/www.dsb-foundation.com\/wp-content\/uploads\/2026\/03\/dsb-foundation-fellowship-vr-Dr-Raheel-Kanji-300x170.jpg 300w, https:\/\/www.dsb-foundation.com\/wp-content\/uploads\/2026\/03\/dsb-foundation-fellowship-vr-Dr-Raheel-Kanji-1024x580.jpg 1024w, https:\/\/www.dsb-foundation.com\/wp-content\/uploads\/2026\/03\/dsb-foundation-fellowship-vr-Dr-Raheel-Kanji-768x435.jpg 768w, https:\/\/www.dsb-foundation.com\/wp-content\/uploads\/2026\/03\/dsb-foundation-fellowship-vr-Dr-Raheel-Kanji-18x10.jpg 18w, https:\/\/www.dsb-foundation.com\/wp-content\/uploads\/2026\/03\/dsb-foundation-fellowship-vr-Dr-Raheel-Kanji-1000x566.jpg 1000w, https:\/\/www.dsb-foundation.com\/wp-content\/uploads\/2026\/03\/dsb-foundation-fellowship-vr-Dr-Raheel-Kanji-230x130.jpg 230w, https:\/\/www.dsb-foundation.com\/wp-content\/uploads\/2026\/03\/dsb-foundation-fellowship-vr-Dr-Raheel-Kanji-350x198.jpg 350w, https:\/\/www.dsb-foundation.com\/wp-content\/uploads\/2026\/03\/dsb-foundation-fellowship-vr-Dr-Raheel-Kanji-480x272.jpg 480w\" sizes=\"(max-width: 1116px) 100vw, 1116px\" \/>\t\t\t\t\t\t\t\t\t\t\t\t\t\t\t<\/div>\n\t\t\t\t<\/div>\n\t\t\t\t<div class=\"elementor-element elementor-element-6b4387c elementor-widget elementor-widget-heading\" data-id=\"6b4387c\" data-element_type=\"widget\" data-e-type=\"widget\" data-widget_type=\"heading.default\">\n\t\t\t\t<div class=\"elementor-widget-container\">\n\t\t\t\t\t<h4 class=\"elementor-heading-title elementor-size-default\">Raheel Kanji<\/h4>\t\t\t\t<\/div>\n\t\t\t\t<\/div>\n\t\t\t\t<div class=\"elementor-element elementor-element-3554e1f elementor-widget elementor-widget-text-editor\" data-id=\"3554e1f\" data-element_type=\"widget\" data-e-type=\"widget\" data-widget_type=\"text-editor.default\">\n\t\t\t\t<div class=\"elementor-widget-container\">\n\t\t\t\t\t\t\t\t\t<p>&#8222;I want to take a moment to express how truly grateful I am for your support. This DSB foundation sponsorship for VRS, has not only made this opportunity possible but has also inspired me to work harder towards my goals. Without your generosity, I would not have been able to pursue this. Thank you for believing in my potential and for investing in my future; your kindness has made a significant impact on my life.&#8220;<\/p>\t\t\t\t\t\t\t\t<\/div>\n\t\t\t\t<\/div>\n\t\t\t\t\t<\/div>\n\t\t<\/div>\n\t\t\t\t\t<\/div>\n\t\t<\/section>\n\t\t\t\t<\/div>","protected":false},"excerpt":{"rendered":"<p>Fellowship &#8211; Vitreo-\/ Retinalchirurgie Raheel Kanji ist geb\u00fcrtig aus Tansania, hat aber aufgrund von Ausbildungsbeschr\u00e4nkungen am KCMC seine Facharztausbildung als Stipendiat der [&hellip;]<\/p>\n","protected":false},"author":1,"featured_media":0,"parent":0,"menu_order":0,"comment_status":"closed","ping_status":"closed","template":"page-templates\/page_front-page.php","meta":{"footnotes":""},"class_list":["post-1464","page","type-page","status-publish","hentry"],"yoast_head":"<!-- This site is optimized with the Yoast SEO plugin v27.3 - https:\/\/yoast.com\/product\/yoast-seo-wordpress\/ -->\n<title>DSB Foundation - Fellowship Vitreo-\/ Retinalchirurgie<\/title>\n<meta name=\"description\" content=\"Dr. Kanji ist unser erster Stipendiat im Rahmen eines Fellowship, welches finanziert wird durch die DSB-Stiftung und die Deutsche Retinologische Gesellschaft.\" \/>\n<meta name=\"robots\" content=\"index, follow, max-snippet:-1, max-image-preview:large, max-video-preview:-1\" \/>\n<link rel=\"canonical\" href=\"https:\/\/www.dsb-foundation.com\/en\/fellowship-vitreo-retinalchirurgie\/\" \/>\n<meta property=\"og:locale\" content=\"en_US\" \/>\n<meta property=\"og:type\" content=\"article\" \/>\n<meta property=\"og:title\" content=\"DSB Foundation - Fellowship Vitreo-\/ Retinalchirurgie\" \/>\n<meta property=\"og:description\" content=\"Dr. Kanji ist unser erster Stipendiat im Rahmen eines Fellowship, welches finanziert wird durch die DSB-Stiftung und die Deutsche Retinologische Gesellschaft.\" \/>\n<meta property=\"og:url\" content=\"https:\/\/www.dsb-foundation.com\/en\/fellowship-vitreo-retinalchirurgie\/\" \/>\n<meta property=\"og:site_name\" content=\"DSB Foundation\" \/>\n<meta property=\"article:modified_time\" content=\"2026-05-08T10:01:06+00:00\" \/>\n<meta property=\"og:image\" content=\"https:\/\/www.dsb-foundation.com\/wp-content\/uploads\/2026\/05\/80f0ce56-b6a8-4376-b59e-eb3f726baa92x.jpg\" \/>\n<meta name=\"twitter:card\" content=\"summary_large_image\" \/>\n<meta name=\"twitter:label1\" content=\"Est. reading time\" \/>\n\t<meta name=\"twitter:data1\" content=\"2 minutes\" \/>\n<script type=\"application\/ld+json\" class=\"yoast-schema-graph\">{\"@context\":\"https:\\\/\\\/schema.org\",\"@graph\":[{\"@type\":\"WebPage\",\"@id\":\"https:\\\/\\\/www.dsb-foundation.com\\\/fellowship-vitreo-retinalchirurgie\\\/\",\"url\":\"https:\\\/\\\/www.dsb-foundation.com\\\/fellowship-vitreo-retinalchirurgie\\\/\",\"name\":\"DSB Foundation - Fellowship Vitreo-\\\/ Retinalchirurgie\",\"isPartOf\":{\"@id\":\"https:\\\/\\\/www.dsb-foundation.com\\\/#website\"},\"primaryImageOfPage\":{\"@id\":\"https:\\\/\\\/www.dsb-foundation.com\\\/fellowship-vitreo-retinalchirurgie\\\/#primaryimage\"},\"image\":{\"@id\":\"https:\\\/\\\/www.dsb-foundation.com\\\/fellowship-vitreo-retinalchirurgie\\\/#primaryimage\"},\"thumbnailUrl\":\"https:\\\/\\\/www.dsb-foundation.com\\\/wp-content\\\/uploads\\\/2026\\\/05\\\/80f0ce56-b6a8-4376-b59e-eb3f726baa92x.jpg\",\"datePublished\":\"2026-03-26T09:11:05+00:00\",\"dateModified\":\"2026-05-08T10:01:06+00:00\",\"description\":\"Dr. Kanji ist unser erster Stipendiat im Rahmen eines Fellowship, welches finanziert wird durch die DSB-Stiftung und die Deutsche Retinologische Gesellschaft.\",\"breadcrumb\":{\"@id\":\"https:\\\/\\\/www.dsb-foundation.com\\\/fellowship-vitreo-retinalchirurgie\\\/#breadcrumb\"},\"inLanguage\":\"en-US\",\"potentialAction\":[{\"@type\":\"ReadAction\",\"target\":[\"https:\\\/\\\/www.dsb-foundation.com\\\/fellowship-vitreo-retinalchirurgie\\\/\"]}]},{\"@type\":\"ImageObject\",\"inLanguage\":\"en-US\",\"@id\":\"https:\\\/\\\/www.dsb-foundation.com\\\/fellowship-vitreo-retinalchirurgie\\\/#primaryimage\",\"url\":\"https:\\\/\\\/www.dsb-foundation.com\\\/wp-content\\\/uploads\\\/2026\\\/05\\\/80f0ce56-b6a8-4376-b59e-eb3f726baa92x.jpg\",\"contentUrl\":\"https:\\\/\\\/www.dsb-foundation.com\\\/wp-content\\\/uploads\\\/2026\\\/05\\\/80f0ce56-b6a8-4376-b59e-eb3f726baa92x.jpg\"},{\"@type\":\"BreadcrumbList\",\"@id\":\"https:\\\/\\\/www.dsb-foundation.com\\\/fellowship-vitreo-retinalchirurgie\\\/#breadcrumb\",\"itemListElement\":[{\"@type\":\"ListItem\",\"position\":1,\"name\":\"Start\",\"item\":\"https:\\\/\\\/www.dsb-foundation.com\\\/\"},{\"@type\":\"ListItem\",\"position\":2,\"name\":\"Fellowship Vitreo-\\\/ Retinalchirurgie\"}]},{\"@type\":\"WebSite\",\"@id\":\"https:\\\/\\\/www.dsb-foundation.com\\\/#website\",\"url\":\"https:\\\/\\\/www.dsb-foundation.com\\\/\",\"name\":\"DSB Foundation\",\"description\":\"Dr. Silvia Bopp Stiftung\",\"publisher\":{\"@id\":\"https:\\\/\\\/www.dsb-foundation.com\\\/#organization\"},\"potentialAction\":[{\"@type\":\"SearchAction\",\"target\":{\"@type\":\"EntryPoint\",\"urlTemplate\":\"https:\\\/\\\/www.dsb-foundation.com\\\/?s={search_term_string}\"},\"query-input\":{\"@type\":\"PropertyValueSpecification\",\"valueRequired\":true,\"valueName\":\"search_term_string\"}}],\"inLanguage\":\"en-US\"},{\"@type\":\"Organization\",\"@id\":\"https:\\\/\\\/www.dsb-foundation.com\\\/#organization\",\"name\":\"DSB Foundation\",\"url\":\"https:\\\/\\\/www.dsb-foundation.com\\\/\",\"logo\":{\"@type\":\"ImageObject\",\"inLanguage\":\"en-US\",\"@id\":\"https:\\\/\\\/www.dsb-foundation.com\\\/#\\\/schema\\\/logo\\\/image\\\/\",\"url\":\"https:\\\/\\\/www.dsb-foundation.com\\\/wp-content\\\/uploads\\\/2021\\\/12\\\/Logo-Silvia-Bopp-Stiftung-dsb-foundation.png\",\"contentUrl\":\"https:\\\/\\\/www.dsb-foundation.com\\\/wp-content\\\/uploads\\\/2021\\\/12\\\/Logo-Silvia-Bopp-Stiftung-dsb-foundation.png\",\"width\":200,\"height\":50,\"caption\":\"DSB Foundation\"},\"image\":{\"@id\":\"https:\\\/\\\/www.dsb-foundation.com\\\/#\\\/schema\\\/logo\\\/image\\\/\"}}]}<\/script>\n<!-- \/ Yoast SEO plugin. -->","yoast_head_json":{"title":"DSB Foundation - Fellowship Vitreo-\/ Retinalchirurgie","description":"Dr. Kanji ist unser erster Stipendiat im Rahmen eines Fellowship, welches finanziert wird durch die DSB-Stiftung und die Deutsche Retinologische Gesellschaft.","robots":{"index":"index","follow":"follow","max-snippet":"max-snippet:-1","max-image-preview":"max-image-preview:large","max-video-preview":"max-video-preview:-1"},"canonical":"https:\/\/www.dsb-foundation.com\/en\/fellowship-vitreo-retinalchirurgie\/","og_locale":"en_US","og_type":"article","og_title":"DSB Foundation - Fellowship Vitreo-\/ Retinalchirurgie","og_description":"Dr. Kanji ist unser erster Stipendiat im Rahmen eines Fellowship, welches finanziert wird durch die DSB-Stiftung und die Deutsche Retinologische Gesellschaft.","og_url":"https:\/\/www.dsb-foundation.com\/en\/fellowship-vitreo-retinalchirurgie\/","og_site_name":"DSB Foundation","article_modified_time":"2026-05-08T10:01:06+00:00","og_image":[{"url":"https:\/\/www.dsb-foundation.com\/wp-content\/uploads\/2026\/05\/80f0ce56-b6a8-4376-b59e-eb3f726baa92x.jpg","type":"","width":"","height":""}],"twitter_card":"summary_large_image","twitter_misc":{"Est. reading time":"2 minutes"},"schema":{"@context":"https:\/\/schema.org","@graph":[{"@type":"WebPage","@id":"https:\/\/www.dsb-foundation.com\/fellowship-vitreo-retinalchirurgie\/","url":"https:\/\/www.dsb-foundation.com\/fellowship-vitreo-retinalchirurgie\/","name":"DSB Foundation - Fellowship Vitreo-\/ Retinalchirurgie","isPartOf":{"@id":"https:\/\/www.dsb-foundation.com\/#website"},"primaryImageOfPage":{"@id":"https:\/\/www.dsb-foundation.com\/fellowship-vitreo-retinalchirurgie\/#primaryimage"},"image":{"@id":"https:\/\/www.dsb-foundation.com\/fellowship-vitreo-retinalchirurgie\/#primaryimage"},"thumbnailUrl":"https:\/\/www.dsb-foundation.com\/wp-content\/uploads\/2026\/05\/80f0ce56-b6a8-4376-b59e-eb3f726baa92x.jpg","datePublished":"2026-03-26T09:11:05+00:00","dateModified":"2026-05-08T10:01:06+00:00","description":"Dr. Kanji ist unser erster Stipendiat im Rahmen eines Fellowship, welches finanziert wird durch die DSB-Stiftung und die Deutsche Retinologische Gesellschaft.","breadcrumb":{"@id":"https:\/\/www.dsb-foundation.com\/fellowship-vitreo-retinalchirurgie\/#breadcrumb"},"inLanguage":"en-US","potentialAction":[{"@type":"ReadAction","target":["https:\/\/www.dsb-foundation.com\/fellowship-vitreo-retinalchirurgie\/"]}]},{"@type":"ImageObject","inLanguage":"en-US","@id":"https:\/\/www.dsb-foundation.com\/fellowship-vitreo-retinalchirurgie\/#primaryimage","url":"https:\/\/www.dsb-foundation.com\/wp-content\/uploads\/2026\/05\/80f0ce56-b6a8-4376-b59e-eb3f726baa92x.jpg","contentUrl":"https:\/\/www.dsb-foundation.com\/wp-content\/uploads\/2026\/05\/80f0ce56-b6a8-4376-b59e-eb3f726baa92x.jpg"},{"@type":"BreadcrumbList","@id":"https:\/\/www.dsb-foundation.com\/fellowship-vitreo-retinalchirurgie\/#breadcrumb","itemListElement":[{"@type":"ListItem","position":1,"name":"Start","item":"https:\/\/www.dsb-foundation.com\/"},{"@type":"ListItem","position":2,"name":"Fellowship Vitreo-\/ Retinalchirurgie"}]},{"@type":"WebSite","@id":"https:\/\/www.dsb-foundation.com\/#website","url":"https:\/\/www.dsb-foundation.com\/","name":"DSB Foundation","description":"Dr. Silvia Bopp Stiftung","publisher":{"@id":"https:\/\/www.dsb-foundation.com\/#organization"},"potentialAction":[{"@type":"SearchAction","target":{"@type":"EntryPoint","urlTemplate":"https:\/\/www.dsb-foundation.com\/?s={search_term_string}"},"query-input":{"@type":"PropertyValueSpecification","valueRequired":true,"valueName":"search_term_string"}}],"inLanguage":"en-US"},{"@type":"Organization","@id":"https:\/\/www.dsb-foundation.com\/#organization","name":"DSB Foundation","url":"https:\/\/www.dsb-foundation.com\/","logo":{"@type":"ImageObject","inLanguage":"en-US","@id":"https:\/\/www.dsb-foundation.com\/#\/schema\/logo\/image\/","url":"https:\/\/www.dsb-foundation.com\/wp-content\/uploads\/2021\/12\/Logo-Silvia-Bopp-Stiftung-dsb-foundation.png","contentUrl":"https:\/\/www.dsb-foundation.com\/wp-content\/uploads\/2021\/12\/Logo-Silvia-Bopp-Stiftung-dsb-foundation.png","width":200,"height":50,"caption":"DSB Foundation"},"image":{"@id":"https:\/\/www.dsb-foundation.com\/#\/schema\/logo\/image\/"}}]}},"_links":{"self":[{"href":"https:\/\/www.dsb-foundation.com\/en\/wp-json\/wp\/v2\/pages\/1464","targetHints":{"allow":["GET"]}}],"collection":[{"href":"https:\/\/www.dsb-foundation.com\/en\/wp-json\/wp\/v2\/pages"}],"about":[{"href":"https:\/\/www.dsb-foundation.com\/en\/wp-json\/wp\/v2\/types\/page"}],"author":[{"embeddable":true,"href":"https:\/\/www.dsb-foundation.com\/en\/wp-json\/wp\/v2\/users\/1"}],"replies":[{"embeddable":true,"href":"https:\/\/www.dsb-foundation.com\/en\/wp-json\/wp\/v2\/comments?post=1464"}],"version-history":[{"count":20,"href":"https:\/\/www.dsb-foundation.com\/en\/wp-json\/wp\/v2\/pages\/1464\/revisions"}],"predecessor-version":[{"id":1564,"href":"https:\/\/www.dsb-foundation.com\/en\/wp-json\/wp\/v2\/pages\/1464\/revisions\/1564"}],"wp:attachment":[{"href":"https:\/\/www.dsb-foundation.com\/en\/wp-json\/wp\/v2\/media?parent=1464"}],"curies":[{"name":"wp","href":"https:\/\/api.w.org\/{rel}","templated":true}]}}